{"id":98,"date":"2016-10-18T20:06:02","date_gmt":"2016-10-18T18:06:02","guid":{"rendered":"http:\/\/www.saraaport.com\/?post_type=product&#038;p=98"},"modified":"2022-06-27T23:31:23","modified_gmt":"2022-06-27T21:31:23","slug":"pilka-kora-2","status":"publish","type":"product","link":"http:\/\/www.saraaport.com\/?product=pilka-kora-2","title":{"rendered":"Pi\u0142ka Kora 2"},"content":{"rendered":"<ul>\n<li>Pi\u0142ka pompowana<\/li>\n<li>\u015arednica 100 mm<\/li>\n<li>R\u0119cznie szyta<\/li>\n<li>Wykonana ze sk\u00f3ry ekologicznej<\/li>\n<li>Regulacja twardo\u015bci zale\u017cna\u00a0od ilo\u015bci napompowanego powietrza<\/li>\n<li>Waga ok. 100 g<\/li>\n<\/ul>\n<p><strong>Uwaga:<\/strong><\/p>\n<p>Mimo, \u017ce nasze pi\u0142ki wykonane s\u0105 z wysokiej jako\u015bci materia\u0142\u00f3w to, jak ka\u017cdy tego typu produkt, mo\u017ce w trakcie u\u017cytkowania ulec uszkodzeniu. W trosce o\u00a0dobro Twojego pupila zalecamy systematyczne sprawdzanie stanu technicznego produktu, a w przypadku jego uszkodzenia wymian\u0119 na nowy. Zdrowie Twojego psa jest dla nas najwa\u017cniejsze.<\/p>\n","protected":false},"excerpt":{"rendered":"<ul>\n<li>Pi\u0142ka pompowana<\/li>\n<li>\u015arednica 100 mm<\/li>\n<li>R\u0119cznie szyta<\/li>\n<li>Wykonana ze sk\u00f3ry ekologicznej<\/li>\n<li>Regulacja twardo\u015bci zale\u017cna\u00a0od ilo\u015bci napompowanego powietrza<\/li>\n<li>Waga ok. 100 g<\/li>\n<\/ul>\n<p>Dost\u0119pne kolory:<\/p>\n<p><img loading=\"lazy\" class=\"size-full wp-image-346 alignleft\" src=\"http:\/\/www.saraaport.com\/wp-content\/uploads\/2016\/10\/yellowfluo.png\" alt=\"\" width=\"56\" height=\"56\" \/> <img loading=\"lazy\" class=\"size-full wp-image-348 alignleft\" src=\"http:\/\/www.saraaport.com\/wp-content\/uploads\/2016\/10\/pinkfluo.png\" alt=\"\" width=\"56\" height=\"56\" \/> <img loading=\"lazy\" class=\"size-full wp-image-347 alignleft\" src=\"http:\/\/www.saraaport.com\/wp-content\/uploads\/2016\/10\/redfluo.png\" alt=\"\" width=\"56\" height=\"56\" \/><\/p>\n","protected":false},"featured_media":86,"comment_status":"open","ping_status":"closed","template":"","meta":{"_mi_skip_tracking":false},"product_cat":[6],"product_tag":[],"_links":{"self":[{"href":"http:\/\/www.saraaport.com\/index.php?rest_route=\/wp\/v2\/product\/98"}],"collection":[{"href":"http:\/\/www.saraaport.com\/index.php?rest_route=\/wp\/v2\/product"}],"about":[{"href":"http:\/\/www.saraaport.com\/index.php?rest_route=\/wp\/v2\/types\/product"}],"replies":[{"embeddable":true,"href":"http:\/\/www.saraaport.com\/index.php?rest_route=%2Fwp%2Fv2%2Fcomments&post=98"}],"wp:featuredmedia":[{"embeddable":true,"href":"http:\/\/www.saraaport.com\/index.php?rest_route=\/wp\/v2\/media\/86"}],"wp:attachment":[{"href":"http:\/\/www.saraaport.com\/index.php?rest_route=%2Fwp%2Fv2%2Fmedia&parent=98"}],"wp:term":[{"taxonomy":"product_cat","embeddable":true,"href":"http:\/\/www.saraaport.com\/index.php?rest_route=%2Fwp%2Fv2%2Fproduct_cat&post=98"},{"taxonomy":"product_tag","embeddable":true,"href":"http:\/\/www.saraaport.com\/index.php?rest_route=%2Fwp%2Fv2%2Fproduct_tag&post=98"}],"curies":[{"name":"wp","href":"https:\/\/api.w.org\/{rel}","templated":true}]}}